{"id":150,"date":"2025-09-27T11:57:06","date_gmt":"2025-09-27T11:57:06","guid":{"rendered":"https:\/\/hgr.com.es\/casasdelsol\/politica-de-privacidad\/"},"modified":"2025-09-27T11:57:06","modified_gmt":"2025-09-27T11:57:06","slug":"privacy-policy","status":"publish","type":"page","link":"https:\/\/casasdelsolbooking.com\/en\/privacy-policy\/","title":{"rendered":"Privacy Policy"},"content":{"rendered":"<p>The Owner informs you about its Privacy Policy regarding the processing and protection of personal data of users that may be collected during browsing through the Website: <a href=\"\">https:\/\/casasdelsolbooking.com<\/a>\n<\/p>\n\n<p>\n\tIn this regard, the Data Controller guarantees compliance with current regulations on the protection of personal data, as reflected in Organic Law 3\/2018, of December 5, on the Protection of Personal Data and Guarantee of Digital Rights (LOPD GDD). It also complies with Regulation (EU) 2016\/679 of the European Parliament and of the Council of 27 April 2016 on the protection of natural persons (GDPR).\n<\/p>\n\n<p>\n\tUse of this website implies acceptance of this Privacy Policy as well as the conditions included in the &nbsp;<a href=\"https:\/\/casasdelsolbooking.com\/en\/legal-notice\/\">Legal Notice<\/a>.\n<\/p>\n\n<h2>Identity of the Responsible Party<\/h2>\n<p>\n  <ul>    \n    <li>\n      <b>Responsible:<\/b>&nbsp;   \n      CASAS DEL SOL SERVICIOS SL.\n      \n    <\/li>\n    \n    <li>\n      <b>NIF:<\/b>&nbsp;B35069822\n      \n    <\/li>\n\n\n    <li>\n      <b>Home:<\/b>&nbsp;\n       AVDA. DE CANARIAS 1 URBANIZACION CASAS DEL SOL, Las Palmas - Spain.\n    <\/li>\n    \n    <li>\n      <b>Email:<\/b>&nbsp;\n      rgpd@casasdelsolbooking.com\n    <\/li>\n    \n\n    <li>\n      <b>Website:<\/b>&nbsp;\n      <a href=\"\">https:\/\/casasdelsolbooking.com<\/a>\n    <\/li>\n  <\/ul>\n<\/p>\n\n\n<h2>Principles applied in data processing<\/h2>\n<p>\n\tIn processing your personal data, the Data Controller will apply the following principles that comply with the requirements of the new European data protection regulation (GDPR):\n<\/p>\n\n<p>\n  <ul>\n    <li>\n      Principle of lawfulness, fairness and transparency: The Owner will always require consent for the processing of personal data, which may be for one or more specific purposes about which the Owner will inform the User beforehand with absolute transparency.\n    <\/li>\n    <li>\n      Principle of data minimization: The Owner will only request the data strictly necessary for the purpose or purposes for which it is requested.\n    <\/li> \n    <li>\n      Principle of limitation of the retention period: The Data Controller shall retain the personal data collected only for as long as strictly necessary for the purpose(s) of the processing. The Data Controller shall inform the User of the corresponding retention period according to the purpose.\n      <br>In the case of subscriptions, the Owner will periodically review the lists and remove those records that have been inactive for a considerable time.\n    <\/li>\n    <li>\n      Principle of integrity and confidentiality: The personal data collected will be processed in such a way that its security, confidentiality and integrity are guaranteed.\n      <br>The Owner takes the necessary precautions to prevent unauthorized access to or misuse of its users&#039; data by third parties.\n    <\/li>\n  <\/ul>\n<\/p>\n\n<h2>Obtaining personal data<\/h2>\n<p>\n  You do not need to provide any personal data to browse the website.\n<\/p>\n\n\n<h2>Rights<\/h2>\n<p>\n  The Data Controller informs you that you have the following rights regarding your personal data:\n<\/p>\n<p>\n  <ul>\n    <li>Request access to the stored data.<\/li>\n    <li>Request a correction or deletion.<\/li>\n    <li>Request the limitation of your treatment.<\/li>\n    <li>To oppose the treatment.<\/li>\n  <\/ul>\n<\/p>\n<p>\n  You cannot exercise the right to data portability.\n<\/p>\n\n<p>\n  The exercise of these rights is personal and therefore must be exercised directly by the interested party, requesting it directly from the Owner, which means that any client, subscriber or collaborator who has provided their data at any time, can contact the Owner and ask for information about the data that it has stored and how it obtained it, request the rectification of the same, oppose the processing, limit its use or request the deletion of that data in the Owner&#039;s files.\n<\/p>\n\n<p>  \n  To exercise your rights, you must send your request along with a photocopy of your National Identity Document or equivalent to the following email address: rgpd@casasdelsolbooking.com\n<\/p>\n\n<p>\n  The exercise of these rights does not include any data that the Holder is obliged to retain for administrative, legal or security purposes.\n<\/p>\n\n<p>\n  You have the right to effective judicial protection and to file a complaint with the supervisory authority, in this case the Spanish Data Protection Agency, if you consider that the processing of personal data concerning you infringes the Regulation.\n<\/p>\n\n<h2 id=\"finalidad-del-tratamiento-de-datos-personales\">Purpose of processing personal data<\/h2>\n<p>\n  When you connect to the Website to send an email to the Owner or subscribe to their newsletter, you are providing personal information for which the Owner is responsible. This information may include personal data such as your IP address, name and surname, physical address, email address, telephone number, and other information. By providing this information, you consent to your information being collected, used, managed, and stored by GIGAS HOSTING only as described on the following pages:\n    <ul>\n      <li><a href=\"https:\/\/casasdelsolbooking.com\/en\/legal-notice\/\">Legal Notice<\/a><\/li>\n      <li><a href=\"https:\/\/casasdelsolbooking.com\/en\/privacy-policy\/\">Privacy Policy<\/a><\/li>\n    <\/ul>\n<\/p>\n<p>\n  The personal data and the purpose of its processing by the Data Controller differ depending on the information capture system:\n<\/p>\n<p>\n  <ul>    \n  <\/ul> \n<\/p>\n<p>   \n  There are other purposes for which the Data Controller processes personal data:\n<\/p>\n<p>\n  <ul>\n    <li>\n      To ensure compliance with the terms and conditions set out in the Legal Notice and applicable law. This may include the development of tools and algorithms that help the Website guarantee the confidentiality of the personal data it collects.\n    <\/li>\n    <li>\n      To support and improve the services offered by this Website.\n    <\/li>\n    <li>\n      To analyze user navigation. The Owner collects other non-identifying data obtained through the use of cookies that are downloaded to the User&#039;s computer when browsing the Website, the characteristics and purpose of which are detailed on the page of  <a href=\"https:\/\/casasdelsolbooking.com\/en\/cookie-policy\/\">Cookies Policy<\/a>.\n    <\/li>\n  <\/ul>\n<\/p>\n\n\n<h2>Security of personal data<\/h2>\n<p>\n  To protect your personal data, the Owner takes all reasonable precautions and follows industry best practices to prevent its loss, misuse, unauthorized access, disclosure, alteration or destruction.\n<\/p>\n  <p>\n    This website is hosted by GIGAS HOSTING. Data security is guaranteed, as they take all necessary security measures. You can consult their privacy policy for more information.\n  <\/p>\n\n\n  <p>\n    The Data Controller informs the User that their personal data will not be transferred to third-party organizations, except when such transfer is required by law or when the provision of a service necessitates a contractual relationship with a data processor. In the latter case, data will only be transferred to the third party when the Data Controller has obtained the User&#039;s explicit consent.\n  <\/p>\n  <p>\n    However, in some cases, collaborations with other professionals may be necessary. In such cases, the User&#039;s consent will be required, and they will be informed of the collaborator&#039;s identity and the purpose of the collaboration. All collaborations will adhere to the strictest security standards.\n  <\/p>\n\n\n<h2>Content from other websites<\/h2>\n<p>\n  Pages on this website may include embedded content (e.g., videos, images, articles, etc.). Embedded content from other websites behaves in the exact same way as if you had visited the other website.\n<\/p>\n<p>\n  These websites may collect data about you, use cookies, embed additional third-party tracking code, and monitor your interaction using this code.\n<\/p>\n\n\n<h2>Cookies Policy<\/h2>\n<p>\n  This website needs to use cookies, which is information stored in your web browser, to function properly. \n  \n  <p>\n    You can find all the information regarding the cookie collection and processing policy on the page of  <a href=\"https:\/\/casasdelsolbooking.com\/en\/cookie-policy\/\">Cookies Policy<\/a>.\n  <\/p>\n<\/p>\n\n\n\n<h2>Legal basis for data processing<\/h2>\n<p>\n  The legal basis for processing your data is:\n  <ul>\n    <li>\n      The consent of the interested party.\n    <\/li> \n  <\/ul>\n<\/p>\n\n\n<h2>Categories of personal data<\/h2>\n<p>\n  The categories of personal data processed by the Data Controller are:\n<\/p>\n<p>\n  <ul>    \n    <li>Identifying data.<\/li>\n    <li>These are not specially protected categories of data.<\/li>\n  <\/ul>\n<\/p>\n\n\n<h2>Retention of personal data<\/h2>\n<p>  \n  The personal data provided to the Owner will be kept until you request its deletion.\n<\/p>\n\n\n<div id=\"destinatarios\">\n<h2>Recipients of personal data<\/h2>\n<p>\n  <ul>  \n    <li>\n      <b>Google Analytics<\/b> It is a web analytics service provided by Google, Inc., a Delaware company whose main office is at 1600 Amphitheatre Parkway, Mountain View, CA 94043, USA (&quot;Google&quot;).      \n      <br>Google Analytics uses &quot;cookies,&quot; which are text files placed on your computer, to help the Owner analyze how Users use the Website. The information generated by the cookie about your use of the Website (including your IP address) will be transmitted to and stored by Google on servers in the United States.\n      <br>More information at:&nbsp;<a href=\"https:\/\/policies.google.com\/privacy?hl=es-ES\" rel=\"nofollow\" target=\"_blank\">https:\/\/analytics.google.com<\/a>\n    <\/li>   \n  <\/ul>\n<\/p>\n<\/div>\n\n  <p>\n    You can find out how Google manages privacy regarding the use of cookies and other information on Google&#039;s Privacy Policy page:&nbsp;<a target=\"_blank\" href=\"https:\/\/policies.google.com\/privacy?hl=es\" rel=\"nofollow\">https:\/\/policies.google.com\/privacy?hl=es<\/a>\n  <\/p>\n  \n  <p>\n    You can also see a list of the types of cookies used by Google and its partners and all the information regarding their use of advertising cookies at:\n  <\/p>\n    <ul>\n      <li><a target=\"_blank\" href=\"https:\/\/policies.google.com\/technologies\/types?hl=es\" rel=\"nofollow\">Types of cookies that Google uses<\/a><\/li>\n      <li><a target=\"_blank\" rel=\"nofollow\" href=\"https:\/\/policies.google.com\/technologies\/ads?hl=es\">How Google uses cookies in advertising<\/a>.<\/li>\n    <\/ul>\n\n\n<h2>Web Navigation<\/h2>\n<p>\n  When browsing the Website, non-identifying data may be collected, which may include IP address, geolocation, a record of how services and sites are used, browsing habits and other data that cannot be used to identify you.\n<\/p>\n\n<p>\n  The website uses the following third-party analytics services:\n<\/p>\n\n<p>\n  <ul>\n    <li>Google Analytics.<\/li>\n    \n    \n  <\/ul>\n<\/p>\n<p>\n  The Owner uses the information obtained to gather statistical data, analyze trends, manage the site, study browsing patterns, and collect demographic information.\n<\/p>\n<p>\n  The Owner is not responsible for the processing of personal data carried out by the websites that you may access through the various links contained on the Website.\n<\/p>\n\n\n<h2>Accuracy and truthfulness of personal data<\/h2>\n<p>\n  You agree that the data provided to the Owner is correct, complete, accurate and current, and to keep it properly updated.\n<\/p>\n<p>\n  As a Website User, you are solely responsible for the truthfulness and accuracy of the data submitted to the Website, exonerating the Owner from any liability in this regard.\n<\/p>\n\n\n<h2>Acceptance and consent<\/h2>\n<p> \n  As a Website User, you declare that you have been informed of the conditions regarding the protection of personal data, and you accept and consent to the processing of said data by the Owner in the manner and for the purposes indicated in this Privacy Policy.\n<\/p>\n<p>\n  To contact the Owner, subscribe to a newsletter or make comments on this Website you must accept this Privacy Policy.\n<\/p>\n\n\n<h2>Changes to the Privacy Policy<\/h2>\n<p>\n  The Owner reserves the right to modify this Privacy Policy to adapt it to new legislation or case law, as well as industry practices.\n<\/p>\n<p> \n  These policies will remain in effect until they are modified by other duly published policies.\n<\/p>","protected":false},"excerpt":{"rendered":"<p>El Titular le informa sobre su Pol\u00edtica de Privacidad respecto del tratamiento y protecci\u00f3n de los datos de car\u00e1cter personal de los usuarios que puedan ser recabados durante la navegaci\u00f3n a trav\u00e9s del Sitio Web: https:\/\/casasdelsolbooking.com En este sentido, el Titular garantiza el cumplimiento de la normativa vigente en materia de protecci\u00f3n de datos personales, [&hellip;]<\/p>\n","protected":false},"author":1,"featured_media":0,"parent":0,"menu_order":8,"comment_status":"closed","ping_status":"closed","template":"","meta":{"_acf_changed":false,"_kad_blocks_custom_css":"","_kad_blocks_head_custom_js":"","_kad_blocks_body_custom_js":"","_kad_blocks_footer_custom_js":"","footnotes":""},"class_list":["post-150","page","type-page","status-publish","hentry"],"blocksy_meta":[],"acf":[],"yoast_head":"<!-- This site is optimized with the Yoast SEO plugin v27.3 - https:\/\/yoast.com\/product\/yoast-seo-wordpress\/ -->\n<title>Pol\u00edtica de Privacidad - Casas del Sol<\/title>\n<meta name=\"robots\" content=\"index, follow, max-snippet:-1, max-image-preview:large, max-video-preview:-1\" \/>\n<link rel=\"canonical\" href=\"https:\/\/casasdelsolbooking.com\/en\/privacy-policy\/\" \/>\n<meta property=\"og:locale\" content=\"en_GB\" \/>\n<meta property=\"og:type\" content=\"article\" \/>\n<meta property=\"og:title\" content=\"Pol\u00edtica de Privacidad - Casas del Sol\" \/>\n<meta property=\"og:description\" content=\"El Titular le informa sobre su Pol\u00edtica de Privacidad respecto del tratamiento y protecci\u00f3n de los datos de car\u00e1cter personal de los usuarios que puedan ser recabados durante la navegaci\u00f3n a trav\u00e9s del Sitio Web: https:\/\/casasdelsolbooking.com En este sentido, el Titular garantiza el cumplimiento de la normativa vigente en materia de protecci\u00f3n de datos personales, [&hellip;]\" \/>\n<meta property=\"og:url\" content=\"https:\/\/casasdelsolbooking.com\/en\/privacy-policy\/\" \/>\n<meta property=\"og:site_name\" content=\"Casas del Sol\" \/>\n<meta property=\"og:image\" content=\"https:\/\/casasdelsolbooking.com\/wp-content\/uploads\/2025\/09\/2c354490d52ea0a8872837c1124984fc9f284f7b.jpg\" \/>\n\t<meta property=\"og:image:width\" content=\"1124\" \/>\n\t<meta property=\"og:image:height\" content=\"750\" \/>\n\t<meta property=\"og:image:type\" content=\"image\/jpeg\" \/>\n<meta name=\"twitter:card\" content=\"summary_large_image\" \/>\n<script type=\"application\/ld+json\" class=\"yoast-schema-graph\">{\"@context\":\"https:\\\/\\\/schema.org\",\"@graph\":[{\"@type\":\"WebPage\",\"@id\":\"https:\\\/\\\/casasdelsolbooking.com\\\/en\\\/privacy-policy\\\/\",\"url\":\"https:\\\/\\\/casasdelsolbooking.com\\\/en\\\/privacy-policy\\\/\",\"name\":\"Pol\u00edtica de Privacidad - Casas del Sol\",\"isPartOf\":{\"@id\":\"https:\\\/\\\/casasdelsolbooking.com\\\/es\\\/#website\"},\"datePublished\":\"2025-09-27T11:57:06+00:00\",\"breadcrumb\":{\"@id\":\"https:\\\/\\\/casasdelsolbooking.com\\\/en\\\/privacy-policy\\\/#breadcrumb\"},\"inLanguage\":\"en-GB\",\"potentialAction\":[{\"@type\":\"ReadAction\",\"target\":[\"https:\\\/\\\/casasdelsolbooking.com\\\/en\\\/privacy-policy\\\/\"]}]},{\"@type\":\"BreadcrumbList\",\"@id\":\"https:\\\/\\\/casasdelsolbooking.com\\\/en\\\/privacy-policy\\\/#breadcrumb\",\"itemListElement\":[{\"@type\":\"ListItem\",\"position\":1,\"name\":\"Portada\",\"item\":\"https:\\\/\\\/casasdelsolbooking.com\\\/en\\\/\"},{\"@type\":\"ListItem\",\"position\":2,\"name\":\"Pol\u00edtica de Privacidad\"}]},{\"@type\":\"WebSite\",\"@id\":\"https:\\\/\\\/casasdelsolbooking.com\\\/es\\\/#website\",\"url\":\"https:\\\/\\\/casasdelsolbooking.com\\\/es\\\/\",\"name\":\"Casas del Sol - Villas en Lanzarote\",\"description\":\"Apartamentos Bungalows en Playa Blanca, Lanzarote\",\"publisher\":{\"@id\":\"https:\\\/\\\/casasdelsolbooking.com\\\/es\\\/#organization\"},\"alternateName\":\"Casas del Sol Lanzarote\",\"potentialAction\":[{\"@type\":\"SearchAction\",\"target\":{\"@type\":\"EntryPoint\",\"urlTemplate\":\"https:\\\/\\\/casasdelsolbooking.com\\\/es\\\/?s={search_term_string}\"},\"query-input\":{\"@type\":\"PropertyValueSpecification\",\"valueRequired\":true,\"valueName\":\"search_term_string\"}}],\"inLanguage\":\"en-GB\"},{\"@type\":\"Organization\",\"@id\":\"https:\\\/\\\/casasdelsolbooking.com\\\/es\\\/#organization\",\"name\":\"Casas del Sol - Villas en Lanzaorte\",\"alternateName\":\"Casas del Sol\",\"url\":\"https:\\\/\\\/casasdelsolbooking.com\\\/es\\\/\",\"logo\":{\"@type\":\"ImageObject\",\"inLanguage\":\"en-GB\",\"@id\":\"https:\\\/\\\/casasdelsolbooking.com\\\/es\\\/#\\\/schema\\\/logo\\\/image\\\/\",\"url\":\"https:\\\/\\\/casasdelsolbooking.com\\\/wp-content\\\/uploads\\\/2025\\\/09\\\/cropped-logo-casas-del-sol-color.png\",\"contentUrl\":\"https:\\\/\\\/casasdelsolbooking.com\\\/wp-content\\\/uploads\\\/2025\\\/09\\\/cropped-logo-casas-del-sol-color.png\",\"width\":512,\"height\":512,\"caption\":\"Casas del Sol - Villas en Lanzaorte\"},\"image\":{\"@id\":\"https:\\\/\\\/casasdelsolbooking.com\\\/es\\\/#\\\/schema\\\/logo\\\/image\\\/\"}}]}<\/script>\n<!-- \/ Yoast SEO plugin. -->","yoast_head_json":{"title":"Privacy Policy - Casas del Sol","robots":{"index":"index","follow":"follow","max-snippet":"max-snippet:-1","max-image-preview":"max-image-preview:large","max-video-preview":"max-video-preview:-1"},"canonical":"https:\/\/casasdelsolbooking.com\/en\/privacy-policy\/","og_locale":"en_GB","og_type":"article","og_title":"Pol\u00edtica de Privacidad - Casas del Sol","og_description":"El Titular le informa sobre su Pol\u00edtica de Privacidad respecto del tratamiento y protecci\u00f3n de los datos de car\u00e1cter personal de los usuarios que puedan ser recabados durante la navegaci\u00f3n a trav\u00e9s del Sitio Web: https:\/\/casasdelsolbooking.com En este sentido, el Titular garantiza el cumplimiento de la normativa vigente en materia de protecci\u00f3n de datos personales, [&hellip;]","og_url":"https:\/\/casasdelsolbooking.com\/en\/privacy-policy\/","og_site_name":"Casas del Sol","og_image":[{"width":1124,"height":750,"url":"https:\/\/casasdelsolbooking.com\/wp-content\/uploads\/2025\/09\/2c354490d52ea0a8872837c1124984fc9f284f7b.jpg","type":"image\/jpeg"}],"twitter_card":"summary_large_image","schema":{"@context":"https:\/\/schema.org","@graph":[{"@type":"WebPage","@id":"https:\/\/casasdelsolbooking.com\/en\/privacy-policy\/","url":"https:\/\/casasdelsolbooking.com\/en\/privacy-policy\/","name":"Privacy Policy - Casas del Sol","isPartOf":{"@id":"https:\/\/casasdelsolbooking.com\/es\/#website"},"datePublished":"2025-09-27T11:57:06+00:00","breadcrumb":{"@id":"https:\/\/casasdelsolbooking.com\/en\/privacy-policy\/#breadcrumb"},"inLanguage":"en-GB","potentialAction":[{"@type":"ReadAction","target":["https:\/\/casasdelsolbooking.com\/en\/privacy-policy\/"]}]},{"@type":"BreadcrumbList","@id":"https:\/\/casasdelsolbooking.com\/en\/privacy-policy\/#breadcrumb","itemListElement":[{"@type":"ListItem","position":1,"name":"Portada","item":"https:\/\/casasdelsolbooking.com\/en\/"},{"@type":"ListItem","position":2,"name":"Pol\u00edtica de Privacidad"}]},{"@type":"WebSite","@id":"https:\/\/casasdelsolbooking.com\/es\/#website","url":"https:\/\/casasdelsolbooking.com\/es\/","name":"Casas del Sol - Villas in Lanzarote","description":"Bungalow Apartments in Playa Blanca, Lanzarote","publisher":{"@id":"https:\/\/casasdelsolbooking.com\/es\/#organization"},"alternateName":"Casas del Sol Lanzarote","potentialAction":[{"@type":"SearchAction","target":{"@type":"EntryPoint","urlTemplate":"https:\/\/casasdelsolbooking.com\/es\/?s={search_term_string}"},"query-input":{"@type":"PropertyValueSpecification","valueRequired":true,"valueName":"search_term_string"}}],"inLanguage":"en-GB"},{"@type":"Organization","@id":"https:\/\/casasdelsolbooking.com\/es\/#organization","name":"Casas del Sol - Villas in Lanzarote","alternateName":"Casas del Sol","url":"https:\/\/casasdelsolbooking.com\/es\/","logo":{"@type":"ImageObject","inLanguage":"en-GB","@id":"https:\/\/casasdelsolbooking.com\/es\/#\/schema\/logo\/image\/","url":"https:\/\/casasdelsolbooking.com\/wp-content\/uploads\/2025\/09\/cropped-logo-casas-del-sol-color.png","contentUrl":"https:\/\/casasdelsolbooking.com\/wp-content\/uploads\/2025\/09\/cropped-logo-casas-del-sol-color.png","width":512,"height":512,"caption":"Casas del Sol - Villas en Lanzaorte"},"image":{"@id":"https:\/\/casasdelsolbooking.com\/es\/#\/schema\/logo\/image\/"}}]}},"taxonomy_info":[],"featured_image_src_large":false,"author_info":{"display_name":"hgrcontrol","author_link":"https:\/\/casasdelsolbooking.com\/en\/author\/hgrcontrol\/"},"comment_info":0,"_links":{"self":[{"href":"https:\/\/casasdelsolbooking.com\/en\/wp-json\/wp\/v2\/pages\/150","targetHints":{"allow":["GET"]}}],"collection":[{"href":"https:\/\/casasdelsolbooking.com\/en\/wp-json\/wp\/v2\/pages"}],"about":[{"href":"https:\/\/casasdelsolbooking.com\/en\/wp-json\/wp\/v2\/types\/page"}],"author":[{"embeddable":true,"href":"https:\/\/casasdelsolbooking.com\/en\/wp-json\/wp\/v2\/users\/1"}],"replies":[{"embeddable":true,"href":"https:\/\/casasdelsolbooking.com\/en\/wp-json\/wp\/v2\/comments?post=150"}],"version-history":[{"count":0,"href":"https:\/\/casasdelsolbooking.com\/en\/wp-json\/wp\/v2\/pages\/150\/revisions"}],"wp:attachment":[{"href":"https:\/\/casasdelsolbooking.com\/en\/wp-json\/wp\/v2\/media?parent=150"}],"curies":[{"name":"wp","href":"https:\/\/api.w.org\/{rel}","templated":true}]}}